{"id":1102,"date":"2013-04-01T23:10:50","date_gmt":"2013-04-02T02:10:50","guid":{"rendered":"http:\/\/loknet.com.br\/23\/?page_id=1102"},"modified":"2013-04-10T14:20:19","modified_gmt":"2013-04-10T17:20:19","slug":"grandes-lojas-do-brasil-2","status":"publish","type":"page","link":"https:\/\/www.mensageirosdapaz23.org\/23\/grandes-lojas-do-brasil-2\/","title":{"rendered":"Grandes Lojas do Brasil"},"content":{"rendered":"<p>&nbsp;<\/p>\n<p style=\"text-align: center;\"><img loading=\"lazy\" decoding=\"async\" class=\"alignnone size-full wp-image-1103\" alt=\"mapabrasil\" src=\"http:\/\/mensageirosdapaz23.org\/23\/wp-content\/uploads\/2013\/04\/mapabrasil.gif\" width=\"340\" height=\"340\" \/><\/p>\n<p style=\"text-align: center;\">Grandes Lojas do Brasil<\/p>\n<table class=\" aligncenter\" border=\"0\" cellspacing=\"0\" cellpadding=\"0\">\n<tbody>\n<tr>\n<td><b>Norte<\/b><b><\/b><\/td>\n<\/tr>\n<tr>\n<td>\n<table width=\"100%\" border=\"0\" cellspacing=\"0\" cellpadding=\"0\">\n<tbody>\n<tr>\n<td width=\"43%\">Grande Loja Ma\u00e7\u00f4nica do Estado do Acre<\/td>\n<td width=\"31%\"><a href=\"http:\/\/www.gleac.org\/\" target=\"_blank\">http:\/\/www.gleac.org<\/a><\/td>\n<td width=\"26%\"><\/td>\n<\/tr>\n<\/tbody>\n<\/table>\n<p>&nbsp;<\/p>\n<table width=\"100%\" border=\"0\" cellspacing=\"0\" cellpadding=\"0\">\n<tbody>\n<tr>\n<td width=\"43%\">Grande Loja Ma\u00e7\u00f4nica do Par\u00e1<\/td>\n<td width=\"31%\"><a href=\"http:\/\/www.glompa.com\/\" target=\"_blank\">http:\/\/www.glompa.com<\/a><\/td>\n<td width=\"26%\"><\/td>\n<\/tr>\n<\/tbody>\n<\/table>\n<p>&nbsp;<\/p>\n<table width=\"100%\" border=\"0\" cellspacing=\"0\" cellpadding=\"0\">\n<tbody>\n<tr>\n<td width=\"43%\">Grande Loja Ma\u00e7\u00f4nica do Estado de Roraima<\/td>\n<td width=\"31%\"><\/td>\n<td width=\"26%\"><\/td>\n<\/tr>\n<\/tbody>\n<\/table>\n<p>&nbsp;<\/p>\n<table width=\"100%\" border=\"0\" cellspacing=\"0\" cellpadding=\"0\">\n<tbody>\n<tr>\n<td width=\"43%\">Grande Loja Ma\u00e7\u00f4nica do Amap\u00e1<\/td>\n<td width=\"31%\"><\/td>\n<td width=\"26%\"><\/td>\n<\/tr>\n<\/tbody>\n<\/table>\n<p>&nbsp;<\/p>\n<table width=\"100%\" border=\"0\" cellspacing=\"0\" cellpadding=\"0\">\n<tbody>\n<tr>\n<td width=\"43%\">Grande Loja Ma\u00e7\u00f4nica do Estado de Rond\u00f4nia<\/td>\n<td width=\"31%\"><a href=\"http:\/\/www.glomaron.org.br\/\" target=\"_blank\">http:\/\/www.glomaron.org.br<\/a><\/td>\n<td width=\"26%\"><\/td>\n<\/tr>\n<\/tbody>\n<\/table>\n<p>&nbsp;<\/p>\n<table width=\"100%\" border=\"0\" cellspacing=\"0\" cellpadding=\"0\">\n<tbody>\n<tr>\n<td width=\"43%\">Grande Loja Ma\u00e7\u00f4nica do Estado do Tocantins<\/td>\n<td width=\"31%\"><\/td>\n<td width=\"26%\"><\/td>\n<\/tr>\n<\/tbody>\n<\/table>\n<\/td>\n<\/tr>\n<tr>\n<td><b>Nordeste<\/b><b><\/b><\/td>\n<\/tr>\n<tr>\n<td>\n<table width=\"100%\" border=\"0\" cellspacing=\"0\" cellpadding=\"0\">\n<tbody>\n<tr>\n<td width=\"43%\">Grande Loja Ma\u00e7\u00f4nica do Estado do Maranh\u00e3o<\/td>\n<td width=\"31%\"><a href=\"http:\/\/www.glema.com.br\/\" target=\"_blank\">http:\/\/www.glema.com.br<\/a><\/td>\n<td width=\"26%\"><\/td>\n<\/tr>\n<\/tbody>\n<\/table>\n<p>&nbsp;<\/p>\n<table width=\"100%\" border=\"0\" cellspacing=\"0\" cellpadding=\"0\">\n<tbody>\n<tr>\n<td width=\"43%\">Grande Loja do Piau\u00ed<\/td>\n<td width=\"31%\"><a href=\"http:\/\/www.glmpi.com.br\/\" target=\"_blank\">http:\/\/www.glmpi.com.br<\/a><\/td>\n<td width=\"26%\"><\/td>\n<\/tr>\n<\/tbody>\n<\/table>\n<p>&nbsp;<\/p>\n<table width=\"100%\" border=\"0\" cellspacing=\"0\" cellpadding=\"0\">\n<tbody>\n<tr>\n<td width=\"43%\">Grande Loja Ma\u00e7\u00f4nica do Estado da Bahia<\/td>\n<td width=\"31%\"><a href=\"http:\/\/www.gleb.org.br\/\" target=\"_blank\">http:\/\/www.gleb.org.br<\/a><\/td>\n<td width=\"26%\"><\/td>\n<\/tr>\n<\/tbody>\n<\/table>\n<p>&nbsp;<\/p>\n<table width=\"100%\" border=\"0\" cellspacing=\"0\" cellpadding=\"0\">\n<tbody>\n<tr>\n<td width=\"43%\">Grande Loja Ma\u00e7\u00f4nica do Estado do Cear\u00e1<\/td>\n<td width=\"31%\"><a href=\"http:\/\/www.glomec.org.br\/\" target=\"_blank\">http:\/\/www.glomec.org.br<\/a><\/td>\n<td width=\"26%\"><\/td>\n<\/tr>\n<\/tbody>\n<\/table>\n<p>&nbsp;<\/p>\n<table width=\"100%\" border=\"0\" cellspacing=\"0\" cellpadding=\"0\">\n<tbody>\n<tr>\n<td width=\"43%\">Grande Loja Ma\u00e7\u00f4nica do Estado do Rio Grande do Norte<\/td>\n<td width=\"31%\"><a href=\"http:\/\/www.glern.com.br\/\" target=\"_blank\">http:\/\/www.glern.com.br<\/a><\/td>\n<td width=\"26%\"><\/td>\n<\/tr>\n<\/tbody>\n<\/table>\n<p>&nbsp;<\/p>\n<table width=\"100%\" border=\"0\" cellspacing=\"0\" cellpadding=\"0\">\n<tbody>\n<tr>\n<td width=\"43%\">Grande Loja Ma\u00e7\u00f4nica do Estado da Para\u00edba<\/td>\n<td width=\"31%\"><a href=\"http:\/\/www.grandeloja-pb.org.br\/\" target=\"_blank\">http:\/\/www.grandeloja-pb.org.br<\/a><\/td>\n<td width=\"26%\"><\/td>\n<\/tr>\n<\/tbody>\n<\/table>\n<p>&nbsp;<\/p>\n<table width=\"100%\" border=\"0\" cellspacing=\"0\" cellpadding=\"0\">\n<tbody>\n<tr>\n<td width=\"43%\">Grande Loja Ma\u00e7\u00f4nica de Pernambuco<\/td>\n<td width=\"31%\"><a href=\"http:\/\/www.grlojape.com.br\/\" target=\"_blank\">http:\/\/www.grlojape.com.br<\/a><\/td>\n<td width=\"26%\"><\/td>\n<\/tr>\n<\/tbody>\n<\/table>\n<p>&nbsp;<\/p>\n<table width=\"100%\" border=\"0\" cellspacing=\"0\" cellpadding=\"0\">\n<tbody>\n<tr>\n<td width=\"43%\">Grande Loja Ma\u00e7\u00f4nica do Estado de Alagoas<\/td>\n<td width=\"31%\"><a href=\"http:\/\/www.glomeal.com.br\/\" target=\"_blank\">http:\/\/www.glomeal.com.br<\/a><\/td>\n<td width=\"26%\"><\/td>\n<\/tr>\n<\/tbody>\n<\/table>\n<p>&nbsp;<\/p>\n<table width=\"100%\" border=\"0\" cellspacing=\"0\" cellpadding=\"0\">\n<tbody>\n<tr>\n<td width=\"43%\">Grande Loja Ma\u00e7\u00f4nica do Estado de Sergipe<\/td>\n<td width=\"31%\"><a href=\"http:\/\/www.glomes.org.br\/\" target=\"_blank\">http:\/\/www.glomes.org.br<\/a><\/td>\n<td width=\"26%\"><\/td>\n<\/tr>\n<\/tbody>\n<\/table>\n<\/td>\n<\/tr>\n<tr>\n<td><b>Centro-Oeste<\/b><b><\/b><\/td>\n<\/tr>\n<tr>\n<td>\n<table width=\"100%\" border=\"0\" cellspacing=\"0\" cellpadding=\"0\">\n<tbody>\n<tr>\n<td width=\"43%\">Grande Loja Ma\u00e7\u00f4nica do Estado de Mato Grosso do Sul<\/td>\n<td width=\"31%\"><a href=\"http:\/\/www.grandelojams.org.br\/\" target=\"_blank\">http:\/\/www.grandelojams.org.br<\/a><\/td>\n<td width=\"26%\"><\/td>\n<\/tr>\n<\/tbody>\n<\/table>\n<p>&nbsp;<\/p>\n<p>&nbsp;<\/p>\n<table width=\"100%\" border=\"0\" cellspacing=\"0\" cellpadding=\"0\">\n<tbody>\n<tr>\n<td width=\"43%\">Grande Loja Ma\u00e7\u00f4nica do Distrito Federal<\/td>\n<td width=\"31%\"><a href=\"http:\/\/www.glmdf.com.br\/\" target=\"_blank\">http:\/\/www.glmdf.com.br<\/a><\/td>\n<td width=\"26%\"><\/td>\n<\/tr>\n<\/tbody>\n<\/table>\n<p>&nbsp;<\/p>\n<table width=\"100%\" border=\"0\" cellspacing=\"0\" cellpadding=\"0\">\n<tbody>\n<tr>\n<td width=\"43%\">Grande Loja Ma\u00e7\u00f4nica do Estado do Mato Grosso<\/td>\n<td width=\"31%\"><a href=\"http:\/\/www.glemt.org\/\" target=\"_blank\">http:\/\/www.glemt.org<\/a><\/td>\n<td width=\"26%\"><\/td>\n<\/tr>\n<\/tbody>\n<\/table>\n<\/td>\n<\/tr>\n<tr>\n<td><b>Sul<\/b><b><\/b><\/td>\n<\/tr>\n<tr>\n<td>\n<table width=\"100%\" border=\"0\" cellspacing=\"0\" cellpadding=\"0\">\n<tbody>\n<tr>\n<td width=\"43%\">Grande Loja do Paran\u00e1<\/td>\n<td width=\"31%\"><a href=\"http:\/\/www.glp.org.br\/\" target=\"_blank\">http:\/\/www.glp.org.br<\/a><\/td>\n<td width=\"26%\"><\/td>\n<\/tr>\n<\/tbody>\n<\/table>\n<p>&nbsp;<\/p>\n<table width=\"100%\" border=\"0\" cellspacing=\"0\" cellpadding=\"0\">\n<tbody>\n<tr>\n<td width=\"43%\">Grande Loja de Santa Catarina<\/td>\n<td width=\"31%\"><a href=\"http:\/\/www.mrglsc.org\/\" target=\"_blank\">http:\/\/www.mrglsc.org<\/a><\/td>\n<td width=\"26%\"><\/td>\n<\/tr>\n<\/tbody>\n<\/table>\n<p>&nbsp;<\/p>\n<table width=\"100%\" border=\"0\" cellspacing=\"0\" cellpadding=\"0\">\n<tbody>\n<tr>\n<td width=\"43%\">Grande Loja Ma\u00e7onica do Estado do Rio Grande do sul<\/td>\n<td width=\"31%\"><a href=\"http:\/\/www.glojars.org.br\/\" target=\"_blank\">http:\/\/www.glojars.org.br<\/a><\/td>\n<td width=\"26%\"><\/td>\n<\/tr>\n<\/tbody>\n<\/table>\n<\/td>\n<\/tr>\n<tr>\n<td><b>Sudeste<\/b><b><\/b><\/td>\n<\/tr>\n<tr>\n<td>\n<table width=\"100%\" border=\"0\" cellspacing=\"0\" cellpadding=\"0\">\n<tbody>\n<tr>\n<td width=\"43%\">Grande Loja Ma\u00e7\u00f4nica do Estado de S\u00e3o Paulo<\/td>\n<td width=\"31%\"><a href=\"http:\/\/www.glesp.com.br\/\" target=\"_blank\">http:\/\/www.glesp.com.br<\/a><\/td>\n<td width=\"26%\"><\/td>\n<\/tr>\n<\/tbody>\n<\/table>\n<p>&nbsp;<\/p>\n<table width=\"100%\" border=\"0\" cellspacing=\"0\" cellpadding=\"0\">\n<tbody>\n<tr>\n<td width=\"43%\">Grande Loja Ma\u00e7\u00f5nica de Minas Gerais<\/td>\n<td width=\"31%\"><a href=\"http:\/\/www.glmmg.org.br\/\" target=\"_blank\">http:\/\/www.glmmg.org.br<\/a><\/td>\n<td width=\"26%\"><\/td>\n<\/tr>\n<\/tbody>\n<\/table>\n<p>&nbsp;<\/p>\n<table width=\"100%\" border=\"0\" cellspacing=\"0\" cellpadding=\"0\">\n<tbody>\n<tr>\n<td width=\"43%\">Grande Loja Ma\u00e7\u00f4nica do Estado do Esp\u00edrito Santo<\/td>\n<td width=\"31%\"><a href=\"http:\/\/www.glmees.org.br\/\" target=\"_blank\">http:\/\/www.glmees.org.br<\/a><\/td>\n<td width=\"26%\"><\/td>\n<\/tr>\n<\/tbody>\n<\/table>\n<p>&nbsp;<\/p>\n<table width=\"100%\" border=\"0\" cellspacing=\"0\" cellpadding=\"0\">\n<tbody>\n<tr>\n<td width=\"43%\">Grande Loja Ma\u00e7\u00f4nica do Estado do Rio de Janeiro<\/td>\n<td width=\"31%\"><a href=\"http:\/\/www.maconaria-rj.org.br\/\" target=\"_blank\">http:\/\/www.maconaria-rj.org.br<\/a><\/td>\n<td width=\"26%\"><\/td>\n<\/tr>\n<\/tbody>\n<\/table>\n<\/td>\n<\/tr>\n<\/tbody>\n<\/table>\n<p style=\"text-align: center;\">\t<link href=\"..\/home\/css\/estilo.css\" rel=\"stylesheet\" type=\"text\/css\" \/><\/p>\n","protected":false},"excerpt":{"rendered":"<p>&nbsp; Grandes Lojas do Brasil Norte Grande Loja Ma\u00e7\u00f4nica do Estado do Acre http:\/\/www.gleac.org &nbsp; Grande Loja Ma\u00e7\u00f4nica do Par\u00e1 http:\/\/www.glompa.com &nbsp; Grande Loja Ma\u00e7\u00f4nica do Estado de Roraima &nbsp; [&hellip;]<\/p>\n","protected":false},"author":1,"featured_media":1103,"parent":0,"menu_order":0,"comment_status":"open","ping_status":"open","template":"","meta":{"footnotes":""},"class_list":["post-1102","page","type-page","status-publish","has-post-thumbnail","hentry"],"_links":{"self":[{"href":"https:\/\/www.mensageirosdapaz23.org\/23\/wp-json\/wp\/v2\/pages\/1102","targetHints":{"allow":["GET"]}}],"collection":[{"href":"https:\/\/www.mensageirosdapaz23.org\/23\/wp-json\/wp\/v2\/pages"}],"about":[{"href":"https:\/\/www.mensageirosdapaz23.org\/23\/wp-json\/wp\/v2\/types\/page"}],"author":[{"embeddable":true,"href":"https:\/\/www.mensageirosdapaz23.org\/23\/wp-json\/wp\/v2\/users\/1"}],"replies":[{"embeddable":true,"href":"https:\/\/www.mensageirosdapaz23.org\/23\/wp-json\/wp\/v2\/comments?post=1102"}],"version-history":[{"count":0,"href":"https:\/\/www.mensageirosdapaz23.org\/23\/wp-json\/wp\/v2\/pages\/1102\/revisions"}],"wp:featuredmedia":[{"embeddable":true,"href":"https:\/\/www.mensageirosdapaz23.org\/23\/wp-json\/wp\/v2\/media\/1103"}],"wp:attachment":[{"href":"https:\/\/www.mensageirosdapaz23.org\/23\/wp-json\/wp\/v2\/media?parent=1102"}],"curies":[{"name":"wp","href":"https:\/\/api.w.org\/{rel}","templated":true}]}}